{"id":2386,"date":"2025-06-17T15:37:24","date_gmt":"2025-06-17T13:37:24","guid":{"rendered":"https:\/\/netzwerkstelle.via-in-berlin.de\/?page_id=2386"},"modified":"2025-06-20T11:54:07","modified_gmt":"2025-06-20T09:54:07","slug":"weitere-informationen","status":"publish","type":"page","link":"https:\/\/netzwerkstelle.via-in-berlin.de\/?page_id=2386","title":{"rendered":"Weitere Informationen"},"content":{"rendered":"\t\t<div data-elementor-type=\"wp-page\" data-elementor-id=\"2386\" class=\"elementor elementor-2386\">\n\t\t\t\t\t\t<section class=\"elementor-section elementor-top-section elementor-element elementor-element-55b086f elementor-section-boxed elementor-section-height-default elementor-section-height-default\" data-id=\"55b086f\" data-element_type=\"section\">\n\t\t\t\t\t\t<div class=\"elementor-container elementor-column-gap-default\">\n\t\t\t\t\t<div class=\"elementor-column elementor-col-100 elementor-top-column elementor-element elementor-element-7a8137a\" data-id=\"7a8137a\" data-element_type=\"column\">\n\t\t\t<div class=\"elementor-widget-wrap elementor-element-populated\">\n\t\t\t\t\t\t<div class=\"elementor-element elementor-element-4e7afbe elementor-widget elementor-widget-image\" data-id=\"4e7afbe\" data-element_type=\"widget\" data-widget_type=\"image.default\">\n\t\t\t\t<div class=\"elementor-widget-container\">\n\t\t\t\t\t\t\t\t\t\t\t\t\t<img fetchpriority=\"high\" decoding=\"async\" width=\"1366\" height=\"768\" src=\"https:\/\/netzwerkstelle.via-in-berlin.de\/wp-content\/uploads\/2025\/06\/6-1.png\" class=\"attachment-full size-full wp-image-2447\" alt=\"\" srcset=\"https:\/\/netzwerkstelle.via-in-berlin.de\/wp-content\/uploads\/2025\/06\/6-1.png 1366w, https:\/\/netzwerkstelle.via-in-berlin.de\/wp-content\/uploads\/2025\/06\/6-1-300x169.png 300w, https:\/\/netzwerkstelle.via-in-berlin.de\/wp-content\/uploads\/2025\/06\/6-1-1024x576.png 1024w, https:\/\/netzwerkstelle.via-in-berlin.de\/wp-content\/uploads\/2025\/06\/6-1-768x432.png 768w, https:\/\/netzwerkstelle.via-in-berlin.de\/wp-content\/uploads\/2025\/06\/6-1-18x10.png 18w\" sizes=\"(max-width: 1366px) 100vw, 1366px\" \/>\t\t\t\t\t\t\t\t\t\t\t\t\t<\/div>\n\t\t\t\t<\/div>\n\t\t\t\t<div class=\"elementor-element elementor-element-045bb4c elementor-widget-divider--view-line elementor-widget elementor-widget-divider\" data-id=\"045bb4c\" data-element_type=\"widget\" data-widget_type=\"divider.default\">\n\t\t\t\t<div class=\"elementor-widget-container\">\n\t\t\t\t\t<div class=\"elementor-divider\">\n\t\t\t<span class=\"elementor-divider-separator\">\n\t\t\t\t\t\t<\/span>\n\t\t<\/div>\n\t\t\t\t<\/div>\n\t\t\t\t<\/div>\n\t\t\t\t\t<\/div>\n\t\t<\/div>\n\t\t\t\t\t<\/div>\n\t\t<\/section>\n\t\t\t\t<section class=\"elementor-section elementor-top-section elementor-element elementor-element-3384785 elementor-section-boxed elementor-section-height-default elementor-section-height-default\" data-id=\"3384785\" data-element_type=\"section\">\n\t\t\t\t\t\t<div class=\"elementor-container elementor-column-gap-default\">\n\t\t\t\t\t<div class=\"elementor-column elementor-col-100 elementor-top-column elementor-element elementor-element-040361c\" data-id=\"040361c\" data-element_type=\"column\">\n\t\t\t<div class=\"elementor-widget-wrap elementor-element-populated\">\n\t\t\t\t\t\t<div class=\"elementor-element elementor-element-8c731bb elementor-widget elementor-widget-heading\" data-id=\"8c731bb\" data-element_type=\"widget\" data-widget_type=\"heading.default\">\n\t\t\t\t<div class=\"elementor-widget-container\">\n\t\t\t<h5 class=\"elementor-heading-title elementor-size-default\"><a href=\"http:\/\/www.liebesleben.de\/fuer-alle\/beratung\">Zanzu<\/a><\/h5>\t\t<\/div>\n\t\t\t\t<\/div>\n\t\t\t\t<div class=\"elementor-element elementor-element-047c604 elementor-widget elementor-widget-text-editor\" data-id=\"047c604\" data-element_type=\"widget\" data-widget_type=\"text-editor.default\">\n\t\t\t\t<div class=\"elementor-widget-container\">\n\t\t\t\t\t\t\t<p>Zanzu ist ein Portal der BZgA (Bundeszentrale f\u00fcr gesundheitliche Aufkl\u00e4rung). Hier k\u00f6nnt ihr auf verschiedenen Sprachen korrekte Informationen zu den Themenfeldern Sexualit\u00e4t, Liebe und Gesundheit erhalten.<\/p><p><a title=\"https:\/\/www.liebesleben.de\/fuer-alle\/beratung\/\" href=\"http:\/\/www.zanzu.de\" target=\"_blank\" rel=\"noopener noreferrer\"><strong>www.zanzu.de<\/strong><\/a><\/p>\t\t\t\t\t\t<\/div>\n\t\t\t\t<\/div>\n\t\t\t\t\t<\/div>\n\t\t<\/div>\n\t\t\t\t\t<\/div>\n\t\t<\/section>\n\t\t\t\t<section class=\"elementor-section elementor-top-section elementor-element elementor-element-fae7243 elementor-section-boxed elementor-section-height-default elementor-section-height-default\" data-id=\"fae7243\" data-element_type=\"section\">\n\t\t\t\t\t\t<div class=\"elementor-container elementor-column-gap-default\">\n\t\t\t\t\t<div class=\"elementor-column elementor-col-100 elementor-top-column elementor-element elementor-element-cf86773\" data-id=\"cf86773\" data-element_type=\"column\">\n\t\t\t<div class=\"elementor-widget-wrap elementor-element-populated\">\n\t\t\t\t\t\t<div class=\"elementor-element elementor-element-f86d81a elementor-widget-divider--view-line elementor-widget elementor-widget-divider\" data-id=\"f86d81a\" data-element_type=\"widget\" data-widget_type=\"divider.default\">\n\t\t\t\t<div class=\"elementor-widget-container\">\n\t\t\t\t\t<div class=\"elementor-divider\">\n\t\t\t<span class=\"elementor-divider-separator\">\n\t\t\t\t\t\t<\/span>\n\t\t<\/div>\n\t\t\t\t<\/div>\n\t\t\t\t<\/div>\n\t\t\t\t\t<\/div>\n\t\t<\/div>\n\t\t\t\t\t<\/div>\n\t\t<\/section>\n\t\t\t\t<section class=\"elementor-section elementor-top-section elementor-element elementor-element-dff330c elementor-section-boxed elementor-section-height-default elementor-section-height-default\" data-id=\"dff330c\" data-element_type=\"section\">\n\t\t\t\t\t\t<div class=\"elementor-container elementor-column-gap-default\">\n\t\t\t\t\t<div class=\"elementor-column elementor-col-100 elementor-top-column elementor-element elementor-element-25059fc\" data-id=\"25059fc\" data-element_type=\"column\">\n\t\t\t<div class=\"elementor-widget-wrap elementor-element-populated\">\n\t\t\t\t\t\t<div class=\"elementor-element elementor-element-97de128 elementor-widget elementor-widget-heading\" data-id=\"97de128\" data-element_type=\"widget\" data-widget_type=\"heading.default\">\n\t\t\t\t<div class=\"elementor-widget-container\">\n\t\t\t<h5 class=\"elementor-heading-title elementor-size-default\"><a href=\"http:\/\/www.kenn-dein-limit.de\/handeln\/beratungsstellen\">Drugcom<\/a><\/h5>\t\t<\/div>\n\t\t\t\t<\/div>\n\t\t\t\t<div class=\"elementor-element elementor-element-602c2a6 elementor-widget elementor-widget-text-editor\" data-id=\"602c2a6\" data-element_type=\"widget\" data-widget_type=\"text-editor.default\">\n\t\t\t\t<div class=\"elementor-widget-container\">\n\t\t\t\t\t\t\t<div class=\"et_pb_blurb_description\"><p>Drugcom ist ein Projekt der Bundeszentrale f\u00fcr gesundheitliche Aufkl\u00e4rung (BZgA). Das Internetportal informiert \u00fcber legale und illegale Drogen und bietet Interessierten und Ratsuchenden die M\u00f6glichkeit, sich auszutauschen oder auf unkomplizierte Weise professionelle Beratung in Anspruch zu nehmen.<\/p><p><a href=\"http:\/\/www.drugcom.de\"><b>www.drugcom.de<\/b><\/a><\/p><\/div>\t\t\t\t\t\t<\/div>\n\t\t\t\t<\/div>\n\t\t\t\t\t<\/div>\n\t\t<\/div>\n\t\t\t\t\t<\/div>\n\t\t<\/section>\n\t\t\t\t<section class=\"elementor-section elementor-top-section elementor-element elementor-element-98e1d13 elementor-section-boxed elementor-section-height-default elementor-section-height-default\" data-id=\"98e1d13\" data-element_type=\"section\">\n\t\t\t\t\t\t<div class=\"elementor-container elementor-column-gap-default\">\n\t\t\t\t\t<div class=\"elementor-column elementor-col-100 elementor-top-column elementor-element elementor-element-124722d\" data-id=\"124722d\" data-element_type=\"column\">\n\t\t\t<div class=\"elementor-widget-wrap elementor-element-populated\">\n\t\t\t\t\t\t<div class=\"elementor-element elementor-element-dd8a898 elementor-widget-divider--view-line elementor-widget elementor-widget-divider\" data-id=\"dd8a898\" data-element_type=\"widget\" data-widget_type=\"divider.default\">\n\t\t\t\t<div class=\"elementor-widget-container\">\n\t\t\t\t\t<div class=\"elementor-divider\">\n\t\t\t<span class=\"elementor-divider-separator\">\n\t\t\t\t\t\t<\/span>\n\t\t<\/div>\n\t\t\t\t<\/div>\n\t\t\t\t<\/div>\n\t\t\t\t\t<\/div>\n\t\t<\/div>\n\t\t\t\t\t<\/div>\n\t\t<\/section>\n\t\t\t\t<section class=\"elementor-section elementor-top-section elementor-element elementor-element-90aecb3 elementor-section-boxed elementor-section-height-default elementor-section-height-default\" data-id=\"90aecb3\" data-element_type=\"section\">\n\t\t\t\t\t\t<div class=\"elementor-container elementor-column-gap-default\">\n\t\t\t\t\t<div class=\"elementor-column elementor-col-100 elementor-top-column elementor-element elementor-element-36bd6c3\" data-id=\"36bd6c3\" data-element_type=\"column\">\n\t\t\t<div class=\"elementor-widget-wrap elementor-element-populated\">\n\t\t\t\t\t\t<div class=\"elementor-element elementor-element-44e86f6 elementor-widget elementor-widget-heading\" data-id=\"44e86f6\" data-element_type=\"widget\" data-widget_type=\"heading.default\">\n\t\t\t\t<div class=\"elementor-widget-container\">\n\t\t\t<h5 class=\"elementor-heading-title elementor-size-default\"><a href=\"http:\/\/www.kmdd.de\/infopool-und-hilfe\/hilfe-und-beratung\">Sextra<\/a><\/h5>\t\t<\/div>\n\t\t\t\t<\/div>\n\t\t\t\t<div class=\"elementor-element elementor-element-086a674 elementor-widget elementor-widget-text-editor\" data-id=\"086a674\" data-element_type=\"widget\" data-widget_type=\"text-editor.default\">\n\t\t\t\t<div class=\"elementor-widget-container\">\n\t\t\t\t\t\t\t<div class=\"et_pb_blurb_description\"><p>Diese Website ist ein Angebot von pro familia. Hier k\u00f6nnt ihr eure eigenen Fragen rund um Liebe und Sexualit\u00e4t stellen. Au\u00dferdem findet ihr dort auch h\u00e4ufige Fragen anderer Menschen.<\/p><a href=\"http:\/\/www.profamilia.sextra.de\"><b>www.profamilia.sextra.de<\/b><\/a><\/div>\t\t\t\t\t\t<\/div>\n\t\t\t\t<\/div>\n\t\t\t\t\t<\/div>\n\t\t<\/div>\n\t\t\t\t\t<\/div>\n\t\t<\/section>\n\t\t\t\t<section class=\"elementor-section elementor-top-section elementor-element elementor-element-24ac429 elementor-section-boxed elementor-section-height-default elementor-section-height-default\" data-id=\"24ac429\" data-element_type=\"section\">\n\t\t\t\t\t\t<div class=\"elementor-container elementor-column-gap-default\">\n\t\t\t\t\t<div class=\"elementor-column elementor-col-100 elementor-top-column elementor-element elementor-element-a21e47b\" data-id=\"a21e47b\" data-element_type=\"column\">\n\t\t\t<div class=\"elementor-widget-wrap elementor-element-populated\">\n\t\t\t\t\t\t<div class=\"elementor-element elementor-element-6c077dd elementor-widget elementor-widget-heading\" data-id=\"6c077dd\" data-element_type=\"widget\" data-widget_type=\"heading.default\">\n\t\t\t\t<div class=\"elementor-widget-container\">\n\t\t\t<h5 class=\"elementor-heading-title elementor-size-default\"><a href=\"http:\/\/www.kmdd.de\/infopool-und-hilfe\/hilfe-und-beratung\">Loveline<\/a><\/h5>\t\t<\/div>\n\t\t\t\t<\/div>\n\t\t\t\t<div class=\"elementor-element elementor-element-edafdc1 elementor-widget elementor-widget-text-editor\" data-id=\"edafdc1\" data-element_type=\"widget\" data-widget_type=\"text-editor.default\">\n\t\t\t\t<div class=\"elementor-widget-container\">\n\t\t\t\t\t\t\t<div><div><p>Loveline ist eine Website f\u00fcr Jugendliche der Bundeszentrale f\u00fcr gesundheitliche Aufkl\u00e4rung (BZgA) und informiert korrekt zu Themen rund um den K\u00f6rper, Pubert\u00e4t, Verh\u00fctung oder die erste Liebe. Hier k\u00f6nnt ihr auch selbst Fragen stellen.<\/p><p><strong><a href=\"http:\/\/www.loveline.de\">www.loveline.de<\/a><\/strong><\/p><\/div><\/div>\t\t\t\t\t\t<\/div>\n\t\t\t\t<\/div>\n\t\t\t\t\t<\/div>\n\t\t<\/div>\n\t\t\t\t\t<\/div>\n\t\t<\/section>\n\t\t\t\t<section class=\"elementor-section elementor-top-section elementor-element elementor-element-7a048f9 elementor-section-boxed elementor-section-height-default elementor-section-height-default\" data-id=\"7a048f9\" data-element_type=\"section\">\n\t\t\t\t\t\t<div class=\"elementor-container elementor-column-gap-default\">\n\t\t\t\t\t<div class=\"elementor-column elementor-col-100 elementor-top-column elementor-element elementor-element-711b753\" data-id=\"711b753\" data-element_type=\"column\">\n\t\t\t<div class=\"elementor-widget-wrap elementor-element-populated\">\n\t\t\t\t\t\t<div class=\"elementor-element elementor-element-da38bfa elementor-widget elementor-widget-heading\" data-id=\"da38bfa\" data-element_type=\"widget\" data-widget_type=\"heading.default\">\n\t\t\t\t<div class=\"elementor-widget-container\">\n\t\t\t<h5 class=\"elementor-heading-title elementor-size-default\"><a href=\"http:\/\/www.kmdd.de\/infopool-und-hilfe\/hilfe-und-beratung\">Sexundso<\/a><\/h5>\t\t<\/div>\n\t\t\t\t<\/div>\n\t\t\t\t<div class=\"elementor-element elementor-element-d209c6d elementor-widget elementor-widget-text-editor\" data-id=\"d209c6d\" data-element_type=\"widget\" data-widget_type=\"text-editor.default\">\n\t\t\t\t<div class=\"elementor-widget-container\">\n\t\t\t\t\t\t\t<div class=\"et_pb_blurb_description\"><p>Sexundso ist ein Angebot von pro familia in Niedersachsen, das sich besonders an junge Menschen richtet. Hier kannst du anonym und online Fragen zu Liebe, Sexualit\u00e4t, Verh\u00fctung, Flirten und \u00e4hnlichen Themen stellen oder die Fragen anderer lesen.<\/p><p><strong><a href=\"http:\/\/www.sexundso.de\">www.sexundso.de<\/a><\/strong><\/p><\/div>\t\t\t\t\t\t<\/div>\n\t\t\t\t<\/div>\n\t\t\t\t\t<\/div>\n\t\t<\/div>\n\t\t\t\t\t<\/div>\n\t\t<\/section>\n\t\t\t\t<section class=\"elementor-section elementor-top-section elementor-element elementor-element-66fe91a elementor-section-boxed elementor-section-height-default elementor-section-height-default\" data-id=\"66fe91a\" data-element_type=\"section\">\n\t\t\t\t\t\t<div class=\"elementor-container elementor-column-gap-default\">\n\t\t\t\t\t<div class=\"elementor-column elementor-col-100 elementor-top-column elementor-element elementor-element-6b770d8\" data-id=\"6b770d8\" data-element_type=\"column\">\n\t\t\t<div class=\"elementor-widget-wrap elementor-element-populated\">\n\t\t\t\t\t\t<div class=\"elementor-element elementor-element-d5ef360 elementor-widget-divider--view-line elementor-widget elementor-widget-divider\" data-id=\"d5ef360\" data-element_type=\"widget\" data-widget_type=\"divider.default\">\n\t\t\t\t<div class=\"elementor-widget-container\">\n\t\t\t\t\t<div class=\"elementor-divider\">\n\t\t\t<span class=\"elementor-divider-separator\">\n\t\t\t\t\t\t<\/span>\n\t\t<\/div>\n\t\t\t\t<\/div>\n\t\t\t\t<\/div>\n\t\t\t\t\t<\/div>\n\t\t<\/div>\n\t\t\t\t\t<\/div>\n\t\t<\/section>\n\t\t\t\t<section class=\"elementor-section elementor-top-section elementor-element elementor-element-b56536e elementor-section-boxed elementor-section-height-default elementor-section-height-default\" data-id=\"b56536e\" data-element_type=\"section\">\n\t\t\t\t\t\t<div class=\"elementor-container elementor-column-gap-default\">\n\t\t\t\t\t<div class=\"elementor-column elementor-col-100 elementor-top-column elementor-element elementor-element-1444c7c\" data-id=\"1444c7c\" data-element_type=\"column\">\n\t\t\t<div class=\"elementor-widget-wrap elementor-element-populated\">\n\t\t\t\t\t\t<div class=\"elementor-element elementor-element-0b16e23 elementor-widget elementor-widget-heading\" data-id=\"0b16e23\" data-element_type=\"widget\" data-widget_type=\"heading.default\">\n\t\t\t\t<div class=\"elementor-widget-container\">\n\t\t\t<h5 class=\"elementor-heading-title elementor-size-default\"><a href=\"http:\/\/www.aidshilfe.de\">youth4youth<\/a><\/h5>\t\t<\/div>\n\t\t\t\t<\/div>\n\t\t\t\t<div class=\"elementor-element elementor-element-1653059 elementor-widget elementor-widget-text-editor\" data-id=\"1653059\" data-element_type=\"widget\" data-widget_type=\"text-editor.default\">\n\t\t\t\t<div class=\"elementor-widget-container\">\n\t\t\t\t\t\t\t<div class=\"et_pb_blurb_description\"><p>Diese Website richtet sich vorwiegend an Jugendliche und junge Menschen mit Flucht- oder Migrationsbiografien im Alter von 14 \u2013 24 Jahren, die zuverl\u00e4ssige Informationen im Zusammenhang mit sexueller und reproduktiver Gesundheit suchen.\u00a0\u00a0<\/p><p><strong><a href=\"http:\/\/www.youth4youth.de\">www.youth4youth.de<\/a><\/strong><\/p><\/div>\t\t\t\t\t\t<\/div>\n\t\t\t\t<\/div>\n\t\t\t\t\t<\/div>\n\t\t<\/div>\n\t\t\t\t\t<\/div>\n\t\t<\/section>\n\t\t\t\t<section class=\"elementor-section elementor-top-section elementor-element elementor-element-377cad0 elementor-section-boxed elementor-section-height-default elementor-section-height-default\" data-id=\"377cad0\" data-element_type=\"section\">\n\t\t\t\t\t\t<div class=\"elementor-container elementor-column-gap-default\">\n\t\t\t\t\t<div class=\"elementor-column elementor-col-100 elementor-top-column elementor-element elementor-element-1903ecb\" data-id=\"1903ecb\" data-element_type=\"column\">\n\t\t\t<div class=\"elementor-widget-wrap elementor-element-populated\">\n\t\t\t\t\t\t<div class=\"elementor-element elementor-element-4b55e51 elementor-widget-divider--view-line elementor-widget elementor-widget-divider\" data-id=\"4b55e51\" data-element_type=\"widget\" data-widget_type=\"divider.default\">\n\t\t\t\t<div class=\"elementor-widget-container\">\n\t\t\t\t\t<div class=\"elementor-divider\">\n\t\t\t<span class=\"elementor-divider-separator\">\n\t\t\t\t\t\t<\/span>\n\t\t<\/div>\n\t\t\t\t<\/div>\n\t\t\t\t<\/div>\n\t\t\t\t\t<\/div>\n\t\t<\/div>\n\t\t\t\t\t<\/div>\n\t\t<\/section>\n\t\t\t\t<section class=\"elementor-section elementor-top-section elementor-element elementor-element-ab4f0f2 elementor-section-boxed elementor-section-height-default elementor-section-height-default\" data-id=\"ab4f0f2\" data-element_type=\"section\">\n\t\t\t\t\t\t<div class=\"elementor-container elementor-column-gap-default\">\n\t\t\t\t\t<div class=\"elementor-column elementor-col-100 elementor-top-column elementor-element elementor-element-f7f33fc\" data-id=\"f7f33fc\" data-element_type=\"column\">\n\t\t\t<div class=\"elementor-widget-wrap\">\n\t\t\t\t\t\t\t<\/div>\n\t\t<\/div>\n\t\t\t\t\t<\/div>\n\t\t<\/section>\n\t\t\t\t<\/div>\n\t\t","protected":false},"excerpt":{"rendered":"<p>Zanzu Zanzu ist ein Portal der BZgA (Bundeszentrale f\u00fcr gesundheitliche Aufkl\u00e4rung). Hier k\u00f6nnt ihr auf verschiedenen Sprachen korrekte Informationen zu den Themenfeldern Sexualit\u00e4t, Liebe und Gesundheit erhalten. www.zanzu.de Drugcom Drugcom ist ein Projekt der Bundeszentrale f\u00fcr gesundheitliche Aufkl\u00e4rung (BZgA). Das Internetportal informiert \u00fcber legale und illegale Drogen und bietet Interessierten und Ratsuchenden die M\u00f6glichkeit, sich [&hellip;]<\/p>\n","protected":false},"author":1,"featured_media":0,"parent":795,"menu_order":0,"comment_status":"closed","ping_status":"closed","template":"","meta":{"site-sidebar-layout":"no-sidebar","site-content-layout":"page-builder","ast-site-content-layout":"","site-content-style":"default","site-sidebar-style":"default","ast-global-header-display":"","ast-banner-title-visibility":"","ast-main-header-display":"","ast-hfb-above-header-display":"","ast-hfb-below-header-display":"","ast-hfb-mobile-header-display":"","site-post-title":"disabled","ast-breadcrumbs-content":"","ast-featured-img":"disabled","footer-sml-layout":"","theme-transparent-header-meta":"default","adv-header-id-meta":"","stick-header-meta":"","header-above-stick-meta":"","header-main-stick-meta":"","header-below-stick-meta":"","astra-migrate-meta-layouts":"default","ast-page-background-enabled":"default","ast-page-background-meta":{"desktop":{"background-color":"","background-image":"","background-repeat":"repeat","background-position":"center center","background-size":"auto","background-attachment":"scroll","background-type":"","background-media":"","overlay-type":"","overlay-color":"","overlay-gradient":""},"tablet":{"background-color":"","background-image":"","background-repeat":"repeat","background-position":"center center","background-size":"auto","background-attachment":"scroll","background-type":"","background-media":"","overlay-type":"","overlay-color":"","overlay-gradient":""},"mobile":{"background-color":"","background-image":"","background-repeat":"repeat","background-position":"center center","background-size":"auto","background-attachment":"scroll","background-type":"","background-media":"","overlay-type":"","overlay-color":"","overlay-gradient":""}},"ast-content-background-meta":{"desktop":{"background-color":"var(--ast-global-color-5)","background-image":"","background-repeat":"repeat","background-position":"center center","background-size":"auto","background-attachment":"scroll","background-type":"","background-media":"","overlay-type":"","overlay-color":"","overlay-gradient":""},"tablet":{"background-color":"var(--ast-global-color-5)","background-image":"","background-repeat":"repeat","background-position":"center center","background-size":"auto","background-attachment":"scroll","background-type":"","background-media":"","overlay-type":"","overlay-color":"","overlay-gradient":""},"mobile":{"background-color":"var(--ast-global-color-5)","background-image":"","background-repeat":"repeat","background-position":"center center","background-size":"auto","background-attachment":"scroll","background-type":"","background-media":"","overlay-type":"","overlay-color":"","overlay-gradient":""}},"footnotes":""},"class_list":["post-2386","page","type-page","status-publish","hentry"],"_links":{"self":[{"href":"https:\/\/netzwerkstelle.via-in-berlin.de\/index.php?rest_route=\/wp\/v2\/pages\/2386","targetHints":{"allow":["GET"]}}],"collection":[{"href":"https:\/\/netzwerkstelle.via-in-berlin.de\/index.php?rest_route=\/wp\/v2\/pages"}],"about":[{"href":"https:\/\/netzwerkstelle.via-in-berlin.de\/index.php?rest_route=\/wp\/v2\/types\/page"}],"author":[{"embeddable":true,"href":"https:\/\/netzwerkstelle.via-in-berlin.de\/index.php?rest_route=\/wp\/v2\/users\/1"}],"replies":[{"embeddable":true,"href":"https:\/\/netzwerkstelle.via-in-berlin.de\/index.php?rest_route=%2Fwp%2Fv2%2Fcomments&post=2386"}],"version-history":[{"count":12,"href":"https:\/\/netzwerkstelle.via-in-berlin.de\/index.php?rest_route=\/wp\/v2\/pages\/2386\/revisions"}],"predecessor-version":[{"id":2451,"href":"https:\/\/netzwerkstelle.via-in-berlin.de\/index.php?rest_route=\/wp\/v2\/pages\/2386\/revisions\/2451"}],"up":[{"embeddable":true,"href":"https:\/\/netzwerkstelle.via-in-berlin.de\/index.php?rest_route=\/wp\/v2\/pages\/795"}],"wp:attachment":[{"href":"https:\/\/netzwerkstelle.via-in-berlin.de\/index.php?rest_route=%2Fwp%2Fv2%2Fmedia&parent=2386"}],"curies":[{"name":"wp","href":"https:\/\/api.w.org\/{rel}","templated":true}]}}