{"id":790,"date":"2022-04-05T13:02:16","date_gmt":"2022-04-05T11:02:16","guid":{"rendered":"https:\/\/netzwerkstelle.via-in-berlin.de\/?page_id=790"},"modified":"2024-07-02T13:22:21","modified_gmt":"2024-07-02T11:22:21","slug":"ftci","status":"publish","type":"page","link":"https:\/\/netzwerkstelle.via-in-berlin.de\/?page_id=790","title":{"rendered":"FTCI"},"content":{"rendered":"\t\t<div data-elementor-type=\"wp-page\" data-elementor-id=\"790\" class=\"elementor elementor-790\">\n\t\t\t\t\t\t<section class=\"elementor-section elementor-top-section elementor-element elementor-element-73056a7 elementor-section-boxed elementor-section-height-default elementor-section-height-default\" data-id=\"73056a7\" data-element_type=\"section\" data-settings=\"{&quot;background_background&quot;:&quot;classic&quot;}\">\n\t\t\t\t\t\t<div class=\"elementor-container elementor-column-gap-default\">\n\t\t\t\t\t<div class=\"elementor-column elementor-col-100 elementor-top-column elementor-element elementor-element-2c454ed\" data-id=\"2c454ed\" data-element_type=\"column\">\n\t\t\t<div class=\"elementor-widget-wrap elementor-element-populated\">\n\t\t\t\t\t\t<div class=\"elementor-element elementor-element-8a077ac elementor-widget elementor-widget-heading\" data-id=\"8a077ac\" data-element_type=\"widget\" data-widget_type=\"heading.default\">\n\t\t\t\t<div class=\"elementor-widget-container\">\n\t\t\t<h3 class=\"elementor-heading-title elementor-size-default\">Fast Track Cities Initiative to End Aids<\/h3>\t\t<\/div>\n\t\t\t\t<\/div>\n\t\t\t\t\t<\/div>\n\t\t<\/div>\n\t\t\t\t\t<\/div>\n\t\t<\/section>\n\t\t\t\t<section class=\"elementor-section elementor-top-section elementor-element elementor-element-17ac18b8 elementor-section-boxed elementor-section-height-default elementor-section-height-default\" data-id=\"17ac18b8\" data-element_type=\"section\">\n\t\t\t\t\t\t<div class=\"elementor-container elementor-column-gap-default\">\n\t\t\t\t\t<div class=\"elementor-column elementor-col-100 elementor-top-column elementor-element elementor-element-3d47de30\" data-id=\"3d47de30\" data-element_type=\"column\">\n\t\t\t<div class=\"elementor-widget-wrap elementor-element-populated\">\n\t\t\t\t\t\t<div class=\"elementor-element elementor-element-bef190f elementor-widget elementor-widget-heading\" data-id=\"bef190f\" data-element_type=\"widget\" data-widget_type=\"heading.default\">\n\t\t\t\t<div class=\"elementor-widget-container\">\n\t\t\t<h4 class=\"elementor-heading-title elementor-size-default\">Was ist die FTCI?<\/h4>\t\t<\/div>\n\t\t\t\t<\/div>\n\t\t\t\t<div class=\"elementor-element elementor-element-63d90a82 elementor-widget elementor-widget-text-editor\" data-id=\"63d90a82\" data-element_type=\"widget\" data-widget_type=\"text-editor.default\">\n\t\t\t\t<div class=\"elementor-widget-container\">\n\t\t\t\t\t\t\t<p>Die <a href=\"https:\/\/www.unaids.org\/en\/cities\" target=\"_blank\" rel=\"noopener\">\u201e<b>Fast-Track Cities Initiative to End Aids<\/b><\/a>\u201c ist eine Initiative, die von UNAIDS\/WHO am Weltaidstag 2014 in Paris gegr\u00fcndet wurde. <a href=\"https:\/\/www.fast-trackcities.org\/mayor-office\/berlin\" target=\"_blank\" rel=\"noopener\"><b>Berlin <\/b><\/a>trat 2016 als erste deutsche Stadt dieser Initiative bei. Ziel dieses internationalen St\u00e4dte-Netzwerks, dem mittlerweile \u00fcber 300 Metropolen angeh\u00f6ren, ist es, Aids weltweit bis 2030 zu besiegen.<\/p><p><b>Daf\u00fcr wurden zun\u00e4chst folgende Meilensteine definiert:<\/b><\/p><p><b>\u2022\u00a0\u00a0\u00a095\u00a0 Prozent der HIV-Infizierten wissen von ihrer Infektion<br \/>\u2022\u00a0\u00a0 95 Prozent davon haben Zugang zur Behandlung<br \/>\u2022\u00a0\u00a0 und bei 95 Prozent der Behandelten ist das Virus \u201eunter der Nachweisgrenze\u201c <br \/>\u2022\u00a0\u00a0 Null Diskriminierung von Menschen mit HIV<\/b><\/p><p>Aktuell sch\u00e4tzt das RKI, dass in Berlin 92% der Infizierten von ihrer Infektion wissen, 98% davon Zugang zur Behandlung haben und dass das HI-Virus bei 96% der Menschen, die unter Behandlung stehen, nicht mehr nachweisbar ist.<\/p><p>Das vierte, schwer messbare Ziel \u201eNull Diskriminierung\u201c wird oft vernachl\u00e4ssigt, obwohl der Abbau von HIV-bezogener Stigmatisierung und Diskriminierung als wichtige Voraussetzung auf dem Weg zu einer aidsfreien Welt gesehen wird. Denn Diskriminierung verhindert den Zugang von Menschen zu Information, zur Pr\u00e4vention, zu Behandlung und Unterst\u00fctzung bei einer HIV-Infektion. Die Angst vor Stigmatisierung und Diskriminierung kann Menschen davon abhalten, sich testen zu lassen, ihren Status offenzulegen oder HIV-bezogene Dienste in Anspruch zu nehmen. Zudem schaden Stigma und Diskriminierung dem Wohlbefinden von Menschen und ihrer Gesundheit.<\/p>\t\t\t\t\t\t<\/div>\n\t\t\t\t<\/div>\n\t\t\t\t<div class=\"elementor-element elementor-element-b51756b elementor-widget elementor-widget-heading\" data-id=\"b51756b\" data-element_type=\"widget\" data-widget_type=\"heading.default\">\n\t\t\t\t<div class=\"elementor-widget-container\">\n\t\t\t<h4 class=\"elementor-heading-title elementor-size-default\">Die Netzwerkstelle im Rahmen der FTCI<\/h4>\t\t<\/div>\n\t\t\t\t<\/div>\n\t\t\t\t<div class=\"elementor-element elementor-element-4e0871e elementor-widget elementor-widget-text-editor\" data-id=\"4e0871e\" data-element_type=\"widget\" data-widget_type=\"text-editor.default\">\n\t\t\t\t<div class=\"elementor-widget-container\">\n\t\t\t\t\t\t\t<p>Aus diesen wichtigen Gr\u00fcnden engagiert sich die Netzwerkstelle seit Beginn des Berliner Fast-Track-City-Prozesses f\u00fcr den Abbau HIV-bezogener Stigmatisierung. Hierzu organisierte sie u. a. zwei Planungsworkshops mit den wichtigsten Berliner Akteuren aus dem Handlungsfeld HIV\/AIDS, in denen tr\u00e4ger \u00fcbergreifend Handlungsfelder und Ziele f\u00fcr den Abbau von Stigmatisierung und Diskriminierung erarbeitet wurden. <\/p><p>Dem Berliner <b><a href=\"https:\/\/fast-track-city-summit.berlin\/content-hub\/\" target=\"_blank\" rel=\"noopener\">FTC-Summit 2021<\/a> <\/b>folgend, wurde Anfang 2022 das\u00a0<a href=\"https:\/\/netzwerkstelle.via-in-berlin.de\/ftci\/ftc-netzwerk\/\" target=\"_blank\" rel=\"noopener\">&#8222;Fast-Track-City Netzwerk Berlin&#8220; (FTC-NW)<\/a> gegr\u00fcndet, um gemeinsam noch st\u00e4rker f\u00fcr das Erreichen der FTC-Ziele zu k\u00e4mpfen.\u00a0 Diesem Zusammenschluss geh\u00f6ren mittlerweile 84 Vertreter:innen aus fast 40 Projekten, Einrichtungen und Beh\u00f6rden an. Hierzu geh\u00f6ren zum Beispiel: Berliner Aidshilfe; Bundesministerium f\u00fcr Gesundheit; Checkpoint BLN, der Parit\u00e4tische Berlin; Deutsche Aidshilfe; Fixpunkt; Hilfe f\u00fcr Jungs; HIV-Schwerpunktpraxen; Hydra; Robert-Koch-Institut (RKI); Sonar, Safer Sex Berlin; Senatsverwaltung f\u00fcr Wissenschaft, Gesundheit und Pflege; Schwulenberatung Berlin; St. Joseph Krankenhaus; Vaterblut; VIA, Regionalverband Berlin Brandenburg; Zentrum f\u00fcr Sexuelle Gesundheit mit allen Standorten; ZIK gGmbH; Mann-O-Meter. In diesem Sinne unterst\u00fctzt die Netzwerkstelle die Arbeit des Netzwerks und organisiert aktiv den j\u00e4hrlichen Summit sowie die regelm\u00e4\u00dfigen Plena in Zusammenarbeit mit den anderen Akteur:innen. <\/p><p>Einige Ziele wurden in der Folge trotz Corona und fehlender Mittel erreicht, zum Beispiel:<\/p><p>\u00b7\u00a0\u00a0 der Berliner Senat hat die \u201e<a href=\"https:\/\/www.aidshilfe.de\/sites\/default\/files\/documents\/positivarbeiten_-_deklaration.pdf\" target=\"_blank\" rel=\"noopener\">Arbeitgeberdeklaration<\/a>\u201c der Deutschen Aidshilfe unterzeichnet und sich damit zu einem diskriminierungsfreien Umgang mit HIV-positiven Menschen im Arbeitsleben bekannt.<\/p><p>\u2022\u00a0 Menschen ohne Krankenversicherung erhalten Zugang zur medizinischen Versorgung durch die <a href=\"https:\/\/www.berliner-stadtmission.de\/clearingstelle\" target=\"_blank\" rel=\"noopener\"><b>Clearingstelle <\/b><\/a>und den <a href=\"https:\/\/checkpoint-bln.de\/\" target=\"_blank\" rel=\"noopener\"><b>Checkpoint BLN <\/b><\/a>und damit auch zu HIV-Medikamenten.<\/p><p>\u00a0<\/p>\t\t\t\t\t\t<\/div>\n\t\t\t\t<\/div>\n\t\t\t\t<div class=\"elementor-element elementor-element-8477520 elementor-widget elementor-widget-image\" data-id=\"8477520\" data-element_type=\"widget\" data-widget_type=\"image.default\">\n\t\t\t\t<div class=\"elementor-widget-container\">\n\t\t\t\t\t\t\t\t\t\t<figure class=\"wp-caption\">\n\t\t\t\t\t\t\t\t\t\t<img fetchpriority=\"high\" decoding=\"async\" width=\"768\" height=\"512\" src=\"https:\/\/netzwerkstelle.via-in-berlin.de\/wp-content\/uploads\/2022\/11\/20221008-Fast-Track-Berlin-61231-768x512.jpg\" class=\"attachment-medium_large size-medium_large wp-image-1416\" alt=\"\" srcset=\"https:\/\/netzwerkstelle.via-in-berlin.de\/wp-content\/uploads\/2022\/11\/20221008-Fast-Track-Berlin-61231-768x512.jpg 768w, https:\/\/netzwerkstelle.via-in-berlin.de\/wp-content\/uploads\/2022\/11\/20221008-Fast-Track-Berlin-61231-300x200.jpg 300w, https:\/\/netzwerkstelle.via-in-berlin.de\/wp-content\/uploads\/2022\/11\/20221008-Fast-Track-Berlin-61231-1024x683.jpg 1024w, https:\/\/netzwerkstelle.via-in-berlin.de\/wp-content\/uploads\/2022\/11\/20221008-Fast-Track-Berlin-61231-1536x1024.jpg 1536w, https:\/\/netzwerkstelle.via-in-berlin.de\/wp-content\/uploads\/2022\/11\/20221008-Fast-Track-Berlin-61231-2048x1365.jpg 2048w, https:\/\/netzwerkstelle.via-in-berlin.de\/wp-content\/uploads\/2022\/11\/20221008-Fast-Track-Berlin-61231-18x12.jpg 18w\" sizes=\"(max-width: 768px) 100vw, 768px\" \/>\t\t\t\t\t\t\t\t\t\t\t<figcaption class=\"widget-image-caption wp-caption-text\">Die Projekte von VIA \"Netzwerkstelle HIV und Migration\" und \"Afrikaherz\" waren auf dem FTC-Summit 2022 anwesend.<\/figcaption>\n\t\t\t\t\t\t\t\t\t\t<\/figure>\n\t\t\t\t\t\t\t<\/div>\n\t\t\t\t<\/div>\n\t\t\t\t\t<\/div>\n\t\t<\/div>\n\t\t\t\t\t<\/div>\n\t\t<\/section>\n\t\t\t\t<\/div>\n\t\t","protected":false},"excerpt":{"rendered":"<p>Fast Track Cities Initiative to End Aids Was ist die FTCI? Die \u201eFast-Track Cities Initiative to End Aids\u201c ist eine Initiative, die von UNAIDS\/WHO am Weltaidstag 2014 in Paris gegr\u00fcndet wurde. Berlin trat 2016 als erste deutsche Stadt dieser Initiative bei. Ziel dieses internationalen St\u00e4dte-Netzwerks, dem mittlerweile \u00fcber 300 Metropolen angeh\u00f6ren, ist es, Aids weltweit [&hellip;]<\/p>\n","protected":false},"author":1,"featured_media":0,"parent":0,"menu_order":0,"comment_status":"closed","ping_status":"closed","template":"","meta":{"site-sidebar-layout":"no-sidebar","site-content-layout":"page-builder","ast-site-content-layout":"","site-content-style":"default","site-sidebar-style":"default","ast-global-header-display":"","ast-banner-title-visibility":"","ast-main-header-display":"","ast-hfb-above-header-display":"","ast-hfb-below-header-display":"","ast-hfb-mobile-header-display":"","site-post-title":"disabled","ast-breadcrumbs-content":"","ast-featured-img":"disabled","footer-sml-layout":"","theme-transparent-header-meta":"default","adv-header-id-meta":"","stick-header-meta":"","header-above-stick-meta":"","header-main-stick-meta":"","header-below-stick-meta":"","astra-migrate-meta-layouts":"default","ast-page-background-enabled":"default","ast-page-background-meta":{"desktop":{"background-color":"","background-image":"","background-repeat":"repeat","background-position":"center center","background-size":"auto","background-attachment":"scroll","background-type":"","background-media":"","overlay-type":"","overlay-color":"","overlay-gradient":""},"tablet":{"background-color":"","background-image":"","background-repeat":"repeat","background-position":"center center","background-size":"auto","background-attachment":"scroll","background-type":"","background-media":"","overlay-type":"","overlay-color":"","overlay-gradient":""},"mobile":{"background-color":"","background-image":"","background-repeat":"repeat","background-position":"center center","background-size":"auto","background-attachment":"scroll","background-type":"","background-media":"","overlay-type":"","overlay-color":"","overlay-gradient":""}},"ast-content-background-meta":{"desktop":{"background-color":"var(--ast-global-color-5)","background-image":"","background-repeat":"repeat","background-position":"center center","background-size":"auto","background-attachment":"scroll","background-type":"","background-media":"","overlay-type":"","overlay-color":"","overlay-gradient":""},"tablet":{"background-color":"var(--ast-global-color-5)","background-image":"","background-repeat":"repeat","background-position":"center center","background-size":"auto","background-attachment":"scroll","background-type":"","background-media":"","overlay-type":"","overlay-color":"","overlay-gradient":""},"mobile":{"background-color":"var(--ast-global-color-5)","background-image":"","background-repeat":"repeat","background-position":"center center","background-size":"auto","background-attachment":"scroll","background-type":"","background-media":"","overlay-type":"","overlay-color":"","overlay-gradient":""}},"footnotes":""},"class_list":["post-790","page","type-page","status-publish","hentry"],"_links":{"self":[{"href":"https:\/\/netzwerkstelle.via-in-berlin.de\/index.php?rest_route=\/wp\/v2\/pages\/790","targetHints":{"allow":["GET"]}}],"collection":[{"href":"https:\/\/netzwerkstelle.via-in-berlin.de\/index.php?rest_route=\/wp\/v2\/pages"}],"about":[{"href":"https:\/\/netzwerkstelle.via-in-berlin.de\/index.php?rest_route=\/wp\/v2\/types\/page"}],"author":[{"embeddable":true,"href":"https:\/\/netzwerkstelle.via-in-berlin.de\/index.php?rest_route=\/wp\/v2\/users\/1"}],"replies":[{"embeddable":true,"href":"https:\/\/netzwerkstelle.via-in-berlin.de\/index.php?rest_route=%2Fwp%2Fv2%2Fcomments&post=790"}],"version-history":[{"count":217,"href":"https:\/\/netzwerkstelle.via-in-berlin.de\/index.php?rest_route=\/wp\/v2\/pages\/790\/revisions"}],"predecessor-version":[{"id":2037,"href":"https:\/\/netzwerkstelle.via-in-berlin.de\/index.php?rest_route=\/wp\/v2\/pages\/790\/revisions\/2037"}],"wp:attachment":[{"href":"https:\/\/netzwerkstelle.via-in-berlin.de\/index.php?rest_route=%2Fwp%2Fv2%2Fmedia&parent=790"}],"curies":[{"name":"wp","href":"https:\/\/api.w.org\/{rel}","templated":true}]}}