{"id":968,"date":"2022-04-21T12:01:26","date_gmt":"2022-04-21T10:01:26","guid":{"rendered":"https:\/\/netzwerkstelle.via-in-berlin.de\/?page_id=968"},"modified":"2022-04-21T14:03:15","modified_gmt":"2022-04-21T12:03:15","slug":"impressum","status":"publish","type":"page","link":"https:\/\/netzwerkstelle.via-in-berlin.de\/?page_id=968","title":{"rendered":"Impressum"},"content":{"rendered":"\t\t<div data-elementor-type=\"wp-page\" data-elementor-id=\"968\" class=\"elementor elementor-968\">\n\t\t\t\t\t\t<section class=\"elementor-section elementor-top-section elementor-element elementor-element-eff0612 elementor-section-boxed elementor-section-height-default elementor-section-height-default\" data-id=\"eff0612\" data-element_type=\"section\">\n\t\t\t\t\t\t<div class=\"elementor-container elementor-column-gap-default\">\n\t\t\t\t\t<div class=\"elementor-column elementor-col-100 elementor-top-column elementor-element elementor-element-386576c\" data-id=\"386576c\" data-element_type=\"column\">\n\t\t\t<div class=\"elementor-widget-wrap elementor-element-populated\">\n\t\t\t\t\t\t<div class=\"elementor-element elementor-element-a4d2e3a elementor-widget elementor-widget-heading\" data-id=\"a4d2e3a\" data-element_type=\"widget\" data-widget_type=\"heading.default\">\n\t\t\t\t<div class=\"elementor-widget-container\">\n\t\t\t<h2 class=\"elementor-heading-title elementor-size-default\">Impressum<\/h2>\t\t<\/div>\n\t\t\t\t<\/div>\n\t\t\t\t\t<\/div>\n\t\t<\/div>\n\t\t\t\t\t<\/div>\n\t\t<\/section>\n\t\t\t\t<section class=\"elementor-section elementor-top-section elementor-element elementor-element-aa776e9 elementor-section-boxed elementor-section-height-default elementor-section-height-default\" data-id=\"aa776e9\" data-element_type=\"section\">\n\t\t\t\t\t\t<div class=\"elementor-container elementor-column-gap-default\">\n\t\t\t\t\t<div class=\"elementor-column elementor-col-100 elementor-top-column elementor-element elementor-element-8dd5f78\" data-id=\"8dd5f78\" data-element_type=\"column\">\n\t\t\t<div class=\"elementor-widget-wrap elementor-element-populated\">\n\t\t\t\t\t\t<div class=\"elementor-element elementor-element-4acfbd7 elementor-widget elementor-widget-text-editor\" data-id=\"4acfbd7\" data-element_type=\"widget\" data-widget_type=\"text-editor.default\">\n\t\t\t\t<div class=\"elementor-widget-container\">\n\t\t\t\t\t\t\t<div class=\"et_pb_module et_pb_text et_pb_text_0 et_pb_text_align_left et_pb_bg_layout_light\">\n<div class=\"et_pb_text_inner\">\n<p><strong>An<i>gaben gem\u00e4\u00df \u00a7 5 TMG:<\/i><\/strong><\/p>\n<p><strong>Verband f\u00fcr Interkulturelle Arbeit<\/strong><br>Regionalverband Berlin\/Brandenburg e.V. (VIA Regional)<\/p>\n<p>Petersburger Stra\u00dfe 92<br>10247 Berlin<\/p>\n<p>Gesch\u00e4ftsf\u00fchrer: Holger F\u00f6rster<\/p>\n<p><br><\/p>\n<p><strong>Kontakt<\/strong><\/p>\n<p><strong>Telefon<\/strong> +49 (0)30- 29 00 71 55<\/p>\n<p><strong>E-Mail<\/strong>&nbsp;<a href=\"mailto:netzwerkstelle@via-in-berlin.de\">netzwerkstelle@via-in-berlin.de<\/a><\/p>\n<p><br><\/p>\n<p><\/p>\n<p><strong>Registereintrag<\/strong><\/p>\n<p>Eintragung im&nbsp;<a class=\"encyclopedia\" title=\"Ein Verein wird durch die Eintragung ins Vereinsregister rechtsf\u00e4hig. Die Anmeldung erfolgt durch den Vorstand. Im Vereinsregister erscheinen Name, Sitz und der Tag der Gr\u00fcndung des Vereins sowie die Namen der Vorstandsmitglieder. Bei Ver\u00e4nderungen der Zusammensetzung im Vorstand oder Satzungs\u00e4nderung ist die Mitteilung an das Vereinsregister - in Berlin beim Amtsgericht Charlottenburg - notwendig. Manche\u2026\" href=\"http:\/\/ikmo-berlin.de\/glossar\/vereinsregister\/\" target=\"_self\" rel=\"noopener noreferrer\">Vereinsregister<\/a>.<br><strong>Registergericht:&nbsp;<\/strong><a class=\"encyclopedia\" title=\"Ein Verein wird durch die Eintragung ins Vereinsregister rechtsf\u00e4hig. Die Anmeldung erfolgt durch den Vorstand. Im Vereinsregister erscheinen Name, Sitz und der Tag der Gr\u00fcndung des Vereins sowie die Namen der Vorstandsmitglieder. Bei Ver\u00e4nderungen der Zusammensetzung im Vorstand oder Satzungs\u00e4nderung ist die Mitteilung an das Vereinsregister - in Berlin beim Amtsgericht Charlottenburg - notwendig. Manche\u2026\" href=\"http:\/\/ikmo-berlin.de\/glossar\/vereinsregister\/\" target=\"_self\" rel=\"noopener noreferrer\">Vereinsregister<\/a>&nbsp;beim Amtsgericht Charlottenburg<br>Registernummer:NZ 95 VR 15324<\/p>\n<p><br><\/p>\n<\/div>\n<div class=\"et_pb_text_inner\">\n<p><strong>Verantwortlich f\u00fcr den Inhalt nach \u00a7 55 Abs. 2 RStV:<\/strong><\/p>\n<p>Line G\u00f6ttke, Projektleiterin<\/p><p><br><\/p>\n<p><i><b>Haftungsausschluss (Disclaimer)<\/b><\/i><\/p><b>\n<\/b>\n<p><strong>Haftung f\u00fcr Inhalte<\/strong><\/p>\n<p>Als Diensteanbieter sind wir gem\u00e4\u00df \u00a7 7 Abs.1 TMG f\u00fcr eigene Inhalte auf diesen Seiten nach den allgemeinen Gesetzen verantwortlich. Nach \u00a7\u00a7 8 bis 10 TMG sind wir als Diensteanbieter jedoch nicht verpflichtet, \u00fcbermittelte oder gespeicherte fremde Informationen zu \u00fcberwachen oder nach Umst\u00e4nden zu forschen, die auf eine rechtswidrige T\u00e4tigkeit hinweisen.<\/p>\n<p>Verpflichtungen zur Entfernung oder Sperrung der Nutzung von Informationen nach den allgemeinen Gesetzen bleiben hiervon unber\u00fchrt. Eine diesbez\u00fcgliche Haftung ist jedoch erst ab dem Zeitpunkt der Kenntnis einer konkreten Rechtsverletzung m\u00f6glich. Bei Bekanntwerden von entsprechenden Rechtsverletzungen werden wir diese Inhalte umgehend entfernen.<\/p>\n<p><strong>Haftung f\u00fcr Links<\/strong><\/p>\n<p>Unser Angebot enth\u00e4lt Links zu externen Webseiten Dritter, auf deren Inhalte wir keinen Einfluss haben. Deshalb k\u00f6nnen wir f\u00fcr diese fremden Inhalte auch keine Gew\u00e4hr \u00fcbernehmen. F\u00fcr die Inhalte der verlinkten Seiten ist stets der jeweilige Anbieter oder Betreiber der Seiten verantwortlich. Die verlinkten Seiten wurden zum Zeitpunkt der Verlinkung auf m\u00f6gliche Rechtsverst\u00f6\u00dfe \u00fcberpr\u00fcft. Rechtswidrige Inhalte waren zum Zeitpunkt der Verlinkung nicht erkennbar.<\/p>\n<p>Eine permanente inhaltliche Kontrolle der verlinkten Seiten ist jedoch ohne konkrete Anhaltspunkte einer Rechtsverletzung nicht zumutbar. Bei Bekanntwerden von&nbsp; Rechtsverletzungen werden wir derartige Links umgehend entfernen.<\/p>\n<p><strong>Urheberrecht<\/strong><\/p>\n<p>Die durch die Seitenbetreiber erstellten Inhalte und Werke auf diesen Seiten unterliegen dem deutschen Urheberrecht. Die Vervielf\u00e4ltigung, Bearbeitung, Verbreitung und jede Art der Verwertung au\u00dferhalb der Grenzen des Urheberrechtes bed\u00fcrfen der schriftlichen Zustimmung des jeweiligen Autors bzw. Erstellers. Downloads und Kopien dieser Seite sind nur f\u00fcr den privaten, nicht kommerziellen Gebrauch gestattet.<\/p>\n<p>Soweit die Inhalte auf dieser Seite nicht vom Betreiber erstellt wurden, werden die Urheberrechte Dritter beachtet. Insbesondere werden Inhalte Dritter als solche gekennzeichnet. Sollten Sie trotzdem auf eine Urheberrechtsverletzung aufmerksam werden, bitten wir um einen entsprechenden Hinweis. Bei Bekanntwerden von Rechtsverletzungen werden wir derartige Inhalte umgehend entfernen.<\/p>\n<\/div>\n<\/div>\t\t\t\t\t\t<\/div>\n\t\t\t\t<\/div>\n\t\t\t\t\t<\/div>\n\t\t<\/div>\n\t\t\t\t\t<\/div>\n\t\t<\/section>\n\t\t\t\t<\/div>\n\t\t","protected":false},"excerpt":{"rendered":"<p>Impressum Angaben gem\u00e4\u00df \u00a7 5 TMG: Verband f\u00fcr Interkulturelle ArbeitRegionalverband Berlin\/Brandenburg e.V. (VIA Regional) Petersburger Stra\u00dfe 9210247 Berlin Gesch\u00e4ftsf\u00fchrer: Holger F\u00f6rster Kontakt Telefon +49 (0)30- 29 00 71 55 E-Mail&nbsp;netzwerkstelle@via-in-berlin.de Registereintrag Eintragung im&nbsp;Vereinsregister.Registergericht:&nbsp;Vereinsregister&nbsp;beim Amtsgericht CharlottenburgRegisternummer:NZ 95 VR 15324 Verantwortlich f\u00fcr den Inhalt nach \u00a7 55 Abs. 2 RStV: Line G\u00f6ttke, Projektleiterin Haftungsausschluss (Disclaimer) Haftung f\u00fcr [&hellip;]<\/p>\n","protected":false},"author":1,"featured_media":0,"parent":1020,"menu_order":0,"comment_status":"closed","ping_status":"closed","template":"","meta":{"site-sidebar-layout":"no-sidebar","site-content-layout":"page-builder","ast-site-content-layout":"","site-content-style":"default","site-sidebar-style":"default","ast-global-header-display":"","ast-banner-title-visibility":"","ast-main-header-display":"","ast-hfb-above-header-display":"","ast-hfb-below-header-display":"","ast-hfb-mobile-header-display":"","site-post-title":"disabled","ast-breadcrumbs-content":"","ast-featured-img":"disabled","footer-sml-layout":"","theme-transparent-header-meta":"default","adv-header-id-meta":"","stick-header-meta":"","header-above-stick-meta":"","header-main-stick-meta":"","header-below-stick-meta":"","astra-migrate-meta-layouts":"default","ast-page-background-enabled":"default","ast-page-background-meta":{"desktop":{"background-color":"","background-image":"","background-repeat":"repeat","background-position":"center center","background-size":"auto","background-attachment":"scroll","background-type":"","background-media":"","overlay-type":"","overlay-color":"","overlay-gradient":""},"tablet":{"background-color":"","background-image":"","background-repeat":"repeat","background-position":"center center","background-size":"auto","background-attachment":"scroll","background-type":"","background-media":"","overlay-type":"","overlay-color":"","overlay-gradient":""},"mobile":{"background-color":"","background-image":"","background-repeat":"repeat","background-position":"center center","background-size":"auto","background-attachment":"scroll","background-type":"","background-media":"","overlay-type":"","overlay-color":"","overlay-gradient":""}},"ast-content-background-meta":{"desktop":{"background-color":"var(--ast-global-color-5)","background-image":"","background-repeat":"repeat","background-position":"center center","background-size":"auto","background-attachment":"scroll","background-type":"","background-media":"","overlay-type":"","overlay-color":"","overlay-gradient":""},"tablet":{"background-color":"var(--ast-global-color-5)","background-image":"","background-repeat":"repeat","background-position":"center center","background-size":"auto","background-attachment":"scroll","background-type":"","background-media":"","overlay-type":"","overlay-color":"","overlay-gradient":""},"mobile":{"background-color":"var(--ast-global-color-5)","background-image":"","background-repeat":"repeat","background-position":"center center","background-size":"auto","background-attachment":"scroll","background-type":"","background-media":"","overlay-type":"","overlay-color":"","overlay-gradient":""}},"footnotes":""},"class_list":["post-968","page","type-page","status-publish","hentry"],"_links":{"self":[{"href":"https:\/\/netzwerkstelle.via-in-berlin.de\/index.php?rest_route=\/wp\/v2\/pages\/968","targetHints":{"allow":["GET"]}}],"collection":[{"href":"https:\/\/netzwerkstelle.via-in-berlin.de\/index.php?rest_route=\/wp\/v2\/pages"}],"about":[{"href":"https:\/\/netzwerkstelle.via-in-berlin.de\/index.php?rest_route=\/wp\/v2\/types\/page"}],"author":[{"embeddable":true,"href":"https:\/\/netzwerkstelle.via-in-berlin.de\/index.php?rest_route=\/wp\/v2\/users\/1"}],"replies":[{"embeddable":true,"href":"https:\/\/netzwerkstelle.via-in-berlin.de\/index.php?rest_route=%2Fwp%2Fv2%2Fcomments&post=968"}],"version-history":[{"count":5,"href":"https:\/\/netzwerkstelle.via-in-berlin.de\/index.php?rest_route=\/wp\/v2\/pages\/968\/revisions"}],"predecessor-version":[{"id":2631,"href":"https:\/\/netzwerkstelle.via-in-berlin.de\/index.php?rest_route=\/wp\/v2\/pages\/968\/revisions\/2631"}],"up":[{"embeddable":true,"href":"https:\/\/netzwerkstelle.via-in-berlin.de\/index.php?rest_route=\/wp\/v2\/pages\/1020"}],"wp:attachment":[{"href":"https:\/\/netzwerkstelle.via-in-berlin.de\/index.php?rest_route=%2Fwp%2Fv2%2Fmedia&parent=968"}],"curies":[{"name":"wp","href":"https:\/\/api.w.org\/{rel}","templated":true}]}}